{"id":10,"date":"2024-04-29T13:06:41","date_gmt":"2024-04-29T16:06:41","guid":{"rendered":"https:\/\/ysn.sya.mybluehost.me\/website_245ebfd0\/?page_id=10"},"modified":"2024-04-29T14:48:17","modified_gmt":"2024-04-29T17:48:17","slug":"politica-de-reembolso-e-devolucoes","status":"publish","type":"page","link":"https:\/\/smartpaper.com.br\/cursos\/politica-de-reembolso-e-devolucoes\/","title":{"rendered":"Pol\u00edtica de Arrependimento e  Reembolso"},"content":{"rendered":"\t\t<div data-elementor-type=\"wp-page\" data-elementor-id=\"10\" class=\"elementor elementor-10\" data-elementor-post-type=\"page\">\n\t\t\t\t<div class=\"elementor-element elementor-element-21cb64cc e-flex e-con-boxed e-con e-parent\" data-id=\"21cb64cc\" data-element_type=\"container\">\n\t\t\t\t\t<div class=\"e-con-inner\">\n\t\t\t\t<div class=\"elementor-element elementor-element-2692db32 elementor-widget elementor-widget-text-editor\" data-id=\"2692db32\" data-element_type=\"widget\" data-widget_type=\"text-editor.default\">\n\t\t\t\t<div class=\"elementor-widget-container\">\n\t\t\t\t\t\t\t\t\t<header class=\"entry-header ast-header-without-markup\">\n<h2 class=\"entry-title\">Pol\u00edtica de Arrependimento, Reembolso.<\/h2>\n<\/header>\n<div class=\"entry-content clear\">\n<div class=\"elementor elementor-11\" data-elementor-type=\"wp-page\" data-elementor-id=\"11\" data-elementor-post-type=\"page\">\n<div class=\"elementor-element elementor-element-70df5f09 e-flex e-con-boxed wpr-particle-no wpr-jarallax-no wpr-parallax-no wpr-sticky-section-no e-con e-parent\" data-id=\"70df5f09\" data-element_type=\"container\">\n<div class=\"e-con-inner\">\n<div class=\"elementor-element elementor-element-12967dc9 elementor-widget elementor-widget-text-editor\" data-id=\"12967dc9\" data-element_type=\"widget\" data-widget_type=\"text-editor.default\">\n<div class=\"elementor-widget-container\">\n<p>\u00a0<\/p>\n<p><strong>Como solicitar uma devolu\u00e7\u00e3o por arrependimento:<\/strong><\/p>\n<p>Caso voc\u00ea n\u00e3o esteja satisfeito com o curso ou tenha se arrependido da compra, voc\u00ea poder\u00e1 solicitar a devolu\u00e7\u00e3o em at\u00e9 7 dias contados da data do pagamento do seu pedido.<\/p>\n<p>Envie um e-mail para contato@smartpaper.com.br, informando seu nome completo e n\u00famero do pedido. Voc\u00ea receber\u00e1 o reembolso em at\u00e9 30 dias contados da data em que recebermos os produtos devolvidos. O valor ser\u00e1 reembolsado n\u00e3o haver\u00e1 custo adicional para voc\u00ea receber o reembolso.<\/p>\n<p>\u00a0<\/p>\n<p><strong>Como solicitar uma devolu\u00e7\u00e3o de produtos com defeito:<\/strong><\/p>\n<p>De acordo com a legisla\u00e7\u00e3o brasileira, no caso de arrependimento\u00a0 o consumidor tem direito de solicitar a devolu\u00e7\u00e3o em at\u00e9 7 dias, contados da data do recebimento do acessso ao curso.<\/p>\n<p>Envie um e-mail para contato@smartpaper.com.br, ou entre contato por meio de whatsaap, informando seu nome completo, n\u00famero do pedido\u00a0 Assim que for recebido a solicita\u00e7\u00e3o dentro do prazo estabelecido. O valor ser\u00e1 reembolsado em acordo com o cliente sobre o m\u00e9todo a ser reembolsado. N\u00e3o haver\u00e1 custo adicional para voc\u00ea receber o reembolso, caso a compra seja feita por meio parcelado ser\u00e1 processado junto ao gateway de pagamento o cancelamento da compra e o reembolso do valor\u00a0 pago.<\/p>\n<p>A partir desse momento o aluno n\u00e3o tera mais acesso ao curso comprado.<\/p>\n<p>\u00a0<\/p>\n<p>\u00a0<\/p>\n<\/div>\n<\/div>\n<\/div>\n<\/div>\n<\/div>\n<\/div>\t\t\t\t\t\t\t\t<\/div>\n\t\t\t\t<\/div>\n\t\t\t\t\t<\/div>\n\t\t\t\t<\/div>\n\t\t\t\t<\/div>\n\t\t","protected":false},"excerpt":{"rendered":"<p>Pol\u00edtica de Arrependimento, Reembolso. \u00a0 Como solicitar uma devolu\u00e7\u00e3o por arrependimento: Caso voc\u00ea n\u00e3o esteja satisfeito com o curso ou<\/p>\n","protected":false},"author":1,"featured_media":0,"parent":0,"menu_order":0,"comment_status":"closed","ping_status":"closed","template":"","meta":{"_uag_custom_page_level_css":"","_tutorstarter_page_metadata":[],"_joinchat":[],"footnotes":""},"uagb_featured_image_src":{"full":false,"thumbnail":false,"medium":false,"medium_large":false,"large":false,"1536x1536":false,"2048x2048":false,"trp-custom-language-flag":false,"cart-image-thumb":false,"woocommerce_thumbnail":false,"woocommerce_single":false,"woocommerce_gallery_thumbnail":false},"uagb_author_info":{"display_name":"Smart Paper","author_link":"https:\/\/smartpaper.com.br\/cursos\/author\/smartpaper2027\/"},"uagb_comment_info":0,"uagb_excerpt":"Pol\u00edtica de Arrependimento, Reembolso. \u00a0 Como solicitar uma devolu\u00e7\u00e3o por arrependimento: Caso voc\u00ea n\u00e3o esteja satisfeito com o curso ou","_links":{"self":[{"href":"https:\/\/smartpaper.com.br\/cursos\/wp-json\/wp\/v2\/pages\/10"}],"collection":[{"href":"https:\/\/smartpaper.com.br\/cursos\/wp-json\/wp\/v2\/pages"}],"about":[{"href":"https:\/\/smartpaper.com.br\/cursos\/wp-json\/wp\/v2\/types\/page"}],"author":[{"embeddable":true,"href":"https:\/\/smartpaper.com.br\/cursos\/wp-json\/wp\/v2\/users\/1"}],"replies":[{"embeddable":true,"href":"https:\/\/smartpaper.com.br\/cursos\/wp-json\/wp\/v2\/comments?post=10"}],"version-history":[{"count":13,"href":"https:\/\/smartpaper.com.br\/cursos\/wp-json\/wp\/v2\/pages\/10\/revisions"}],"predecessor-version":[{"id":7694,"href":"https:\/\/smartpaper.com.br\/cursos\/wp-json\/wp\/v2\/pages\/10\/revisions\/7694"}],"wp:attachment":[{"href":"https:\/\/smartpaper.com.br\/cursos\/wp-json\/wp\/v2\/media?parent=10"}],"curies":[{"name":"wp","href":"https:\/\/api.w.org\/{rel}","templated":true}]}}