{"id":1671,"date":"2021-04-19T10:19:59","date_gmt":"2021-04-19T10:19:59","guid":{"rendered":"https:\/\/preview.tutorlms.com\/elementor-marketplace\/?page_id=1671"},"modified":"2025-11-24T18:05:39","modified_gmt":"2025-11-24T21:05:39","slug":"blog","status":"publish","type":"page","link":"https:\/\/smartpaper.com.br\/cursos\/blog\/","title":{"rendered":"Blog"},"content":{"rendered":"\t\t<div data-elementor-type=\"wp-page\" data-elementor-id=\"1671\" class=\"elementor elementor-1671\" data-elementor-post-type=\"page\">\n\t\t\t\t\t\t<section class=\"elementor-section elementor-top-section elementor-element elementor-element-a500501 elementor-section-boxed elementor-section-height-default elementor-section-height-default\" data-id=\"a500501\" data-element_type=\"section\" data-settings=\"{&quot;background_background&quot;:&quot;classic&quot;}\">\n\t\t\t\t\t\t<div class=\"elementor-container elementor-column-gap-default\">\n\t\t\t\t\t<div class=\"elementor-column elementor-col-100 elementor-top-column elementor-element elementor-element-cb67adf\" data-id=\"cb67adf\" data-element_type=\"column\">\n\t\t\t<div class=\"elementor-widget-wrap elementor-element-populated\">\n\t\t\t\t\t\t<div class=\"elementor-element elementor-element-a3a39f9 elementor-widget__width-initial elementor-widget-tablet__width-initial elementor-widget elementor-widget-heading\" data-id=\"a3a39f9\" data-element_type=\"widget\" data-widget_type=\"heading.default\">\n\t\t\t\t<div class=\"elementor-widget-container\">\n\t\t\t\t\t<h2 class=\"elementor-heading-title elementor-size-default\">Blog<\/h2>\t\t\t\t<\/div>\n\t\t\t\t<\/div>\n\t\t\t\t<div class=\"elementor-element elementor-element-07b6a2d elementor-widget__width-initial elementor-widget-tablet__width-initial elementor-widget elementor-widget-text-editor\" data-id=\"07b6a2d\" data-element_type=\"widget\" data-widget_type=\"text-editor.default\">\n\t\t\t\t<div class=\"elementor-widget-container\">\n\t\t\t\t\t\t\t\t\t<p>Textos Sobre a Nova Educa\u00e7\u00e3o do s\u00e9culo XX.<\/p>\t\t\t\t\t\t\t\t<\/div>\n\t\t\t\t<\/div>\n\t\t\t\t\t<\/div>\n\t\t<\/div>\n\t\t\t\t\t<\/div>\n\t\t<\/section>\n\t\t<div class=\"elementor-element elementor-element-9afa21e e-flex e-con-boxed e-con e-parent\" data-id=\"9afa21e\" data-element_type=\"container\">\n\t\t\t\t\t<div class=\"e-con-inner\">\n\t\t\t\t<div class=\"elementor-element elementor-element-f218efc elementor-grid-3 elementor-grid-tablet-2 elementor-grid-mobile-1 elementor-posts--thumbnail-top elementor-posts--show-avatar elementor-card-shadow-yes elementor-posts__hover-gradient elementor-widget elementor-widget-posts\" data-id=\"f218efc\" data-element_type=\"widget\" data-settings=\"{&quot;cards_columns&quot;:&quot;3&quot;,&quot;cards_columns_tablet&quot;:&quot;2&quot;,&quot;cards_columns_mobile&quot;:&quot;1&quot;,&quot;cards_row_gap&quot;:{&quot;unit&quot;:&quot;px&quot;,&quot;size&quot;:35,&quot;sizes&quot;:[]},&quot;cards_row_gap_tablet&quot;:{&quot;unit&quot;:&quot;px&quot;,&quot;size&quot;:&quot;&quot;,&quot;sizes&quot;:[]},&quot;cards_row_gap_mobile&quot;:{&quot;unit&quot;:&quot;px&quot;,&quot;size&quot;:&quot;&quot;,&quot;sizes&quot;:[]}}\" data-widget_type=\"posts.cards\">\n\t\t\t\t<div class=\"elementor-widget-container\">\n\t\t\t\t\t\t\t<div class=\"elementor-posts-container elementor-posts elementor-posts--skin-cards elementor-grid\">\n\t\t\t\t<article class=\"elementor-post elementor-grid-item post-6547 post type-post status-publish format-standard has-post-thumbnail hentry category-artigos tag-freelance tag-visitor tag-work\">\n\t\t\t<div class=\"elementor-post__card\">\n\t\t\t\t<div class=\"elementor-post__text\">\n\t\t\t\t<h3 class=\"elementor-post__title\">\n\t\t\t<a href=\"https:\/\/smartpaper.com.br\/cursos\/how-did-we-get-1m-visitors-in-30-days-without-anything\/\" >\n\t\t\t\t&#8220;Navegando no Conhecimento: Estrat\u00e9gias EAD para Todos&#8221;\t\t\t<\/a>\n\t\t<\/h3>\n\t\t\t\t<div class=\"elementor-post__excerpt\">\n\t\t\t<p>No cen\u00e1rio educacional contempor\u00e2neo, a educa\u00e7\u00e3o \u00e0 dist\u00e2ncia (EAD) emergiu como uma ferramenta poderosa para democratizar o acesso ao conhecimento.<\/p>\n\t\t<\/div>\n\t\t\n\t\t<a class=\"elementor-post__read-more\" href=\"https:\/\/smartpaper.com.br\/cursos\/how-did-we-get-1m-visitors-in-30-days-without-anything\/\" aria-label=\"Read more about &#8220;Navegando no Conhecimento: Estrat\u00e9gias EAD para Todos&#8221;\" tabindex=\"-1\" >\n\t\t\tLeia Mais \u00bb\t\t<\/a>\n\n\t\t\t\t<\/div>\n\t\t\t\t<div class=\"elementor-post__meta-data\">\n\t\t\t\t\t<span class=\"elementor-post-date\">\n\t\t\t17 de fevereiro de 2021\t\t<\/span>\n\t\t\t\t<span class=\"elementor-post-avatar\">\n\t\t\tNenhum coment\u00e1rio\t\t<\/span>\n\t\t\t\t<\/div>\n\t\t\t\t\t<\/div>\n\t\t<\/article>\n\t\t\t\t<article class=\"elementor-post elementor-grid-item post-6542 post type-post status-publish format-standard has-post-thumbnail hentry category-artigos tag-design tag-earning tag-freelance tag-marketing tag-work\">\n\t\t\t<div class=\"elementor-post__card\">\n\t\t\t\t<div class=\"elementor-post__text\">\n\t\t\t\t<h3 class=\"elementor-post__title\">\n\t\t\t<a href=\"https:\/\/smartpaper.com.br\/cursos\/how-to-blow-through-capital-at-an-incredible-rate\/\" >\n\t\t\t\tAl\u00e9m dos Limites: Inova\u00e7\u00f5es em Ensino \u00e0 Dist\u00e2ncia\t\t\t<\/a>\n\t\t<\/h3>\n\t\t\t\t<div class=\"elementor-post__excerpt\">\n\t\t\t<p>Outra inova\u00e7\u00e3o significativa \u00e9 o uso da realidade virtual (RV) e aumentada (RA) no ensino \u00e0 dist\u00e2ncia. Essas tecnologias imersivas<\/p>\n\t\t<\/div>\n\t\t\n\t\t<a class=\"elementor-post__read-more\" href=\"https:\/\/smartpaper.com.br\/cursos\/how-to-blow-through-capital-at-an-incredible-rate\/\" aria-label=\"Read more about Al\u00e9m dos Limites: Inova\u00e7\u00f5es em Ensino \u00e0 Dist\u00e2ncia\" tabindex=\"-1\" >\n\t\t\tLeia Mais \u00bb\t\t<\/a>\n\n\t\t\t\t<\/div>\n\t\t\t\t<div class=\"elementor-post__meta-data\">\n\t\t\t\t\t<span class=\"elementor-post-date\">\n\t\t\t17 de fevereiro de 2021\t\t<\/span>\n\t\t\t\t<span class=\"elementor-post-avatar\">\n\t\t\tNenhum coment\u00e1rio\t\t<\/span>\n\t\t\t\t<\/div>\n\t\t\t\t\t<\/div>\n\t\t<\/article>\n\t\t\t\t<article class=\"elementor-post elementor-grid-item post-6534 post type-post status-publish format-standard has-post-thumbnail hentry category-artigos tag-amet tag-dolor tag-ipsum tag-lorem tag-sit\">\n\t\t\t<div class=\"elementor-post__card\">\n\t\t\t\t<div class=\"elementor-post__text\">\n\t\t\t\t<h3 class=\"elementor-post__title\">\n\t\t\t<a href=\"https:\/\/smartpaper.com.br\/cursos\/godfather-ipsum-dolor-sit-amet\/\" >\n\t\t\t\tConectando Saberes: O Potencial do Ensino Online\t\t\t<\/a>\n\t\t<\/h3>\n\t\t\t\t<div class=\"elementor-post__excerpt\">\n\t\t\t<p>Em um mundo cada vez mais conectado, o ensino online surge como uma poderosa ferramenta para unir pessoas e conhecimentos,<\/p>\n\t\t<\/div>\n\t\t\n\t\t<a class=\"elementor-post__read-more\" href=\"https:\/\/smartpaper.com.br\/cursos\/godfather-ipsum-dolor-sit-amet\/\" aria-label=\"Read more about Conectando Saberes: O Potencial do Ensino Online\" tabindex=\"-1\" >\n\t\t\tLeia Mais \u00bb\t\t<\/a>\n\n\t\t\t\t<\/div>\n\t\t\t\t<div class=\"elementor-post__meta-data\">\n\t\t\t\t\t<span class=\"elementor-post-date\">\n\t\t\t17 de fevereiro de 2021\t\t<\/span>\n\t\t\t\t<span class=\"elementor-post-avatar\">\n\t\t\tNenhum coment\u00e1rio\t\t<\/span>\n\t\t\t\t<\/div>\n\t\t\t\t\t<\/div>\n\t\t<\/article>\n\t\t\t\t<article class=\"elementor-post elementor-grid-item post-6529 post type-post status-publish format-standard has-post-thumbnail hentry category-artigos tag-blog tag-freelancer tag-marketing tag-work\">\n\t\t\t<div class=\"elementor-post__card\">\n\t\t\t\t<div class=\"elementor-post__text\">\n\t\t\t\t<h3 class=\"elementor-post__title\">\n\t\t\t<a href=\"https:\/\/smartpaper.com.br\/cursos\/only-dont-tell-me-youre-innocent\/\" >\n\t\t\t\tRumo ao Futuro: Educa\u00e7\u00e3o Virtual na Era Digital\t\t\t<\/a>\n\t\t<\/h3>\n\t\t\t\t<div class=\"elementor-post__excerpt\">\n\t\t\t<p>\u00c0 medida que avan\u00e7amos rumo ao futuro, a educa\u00e7\u00e3o virtual na era digital emerge como um pilar fundamental na transforma\u00e7\u00e3o<\/p>\n\t\t<\/div>\n\t\t\n\t\t<a class=\"elementor-post__read-more\" href=\"https:\/\/smartpaper.com.br\/cursos\/only-dont-tell-me-youre-innocent\/\" aria-label=\"Read more about Rumo ao Futuro: Educa\u00e7\u00e3o Virtual na Era Digital\" tabindex=\"-1\" >\n\t\t\tLeia Mais \u00bb\t\t<\/a>\n\n\t\t\t\t<\/div>\n\t\t\t\t<div class=\"elementor-post__meta-data\">\n\t\t\t\t\t<span class=\"elementor-post-date\">\n\t\t\t17 de fevereiro de 2021\t\t<\/span>\n\t\t\t\t<span class=\"elementor-post-avatar\">\n\t\t\tNenhum coment\u00e1rio\t\t<\/span>\n\t\t\t\t<\/div>\n\t\t\t\t\t<\/div>\n\t\t<\/article>\n\t\t\t\t<article class=\"elementor-post elementor-grid-item post-6525 post type-post status-publish format-standard has-post-thumbnail hentry category-artigos tag-friend tag-neighbourhood tag-post\">\n\t\t\t<div class=\"elementor-post__card\">\n\t\t\t\t<div class=\"elementor-post__text\">\n\t\t\t\t<h3 class=\"elementor-post__title\">\n\t\t\t<a href=\"https:\/\/smartpaper.com.br\/cursos\/ask-your-friends-in-the-neighbourhood-about-me\/\" >\n\t\t\t\tDesbravando Fronteiras: Aprendizagem Remota em Foco\t\t\t<\/a>\n\t\t<\/h3>\n\t\t\t\t<div class=\"elementor-post__excerpt\">\n\t\t\t<p>Em um mundo cada vez mais conectado, a aprendizagem remota emerge como uma ferramenta poderosa para superar fronteiras geogr\u00e1ficas e<\/p>\n\t\t<\/div>\n\t\t\n\t\t<a class=\"elementor-post__read-more\" href=\"https:\/\/smartpaper.com.br\/cursos\/ask-your-friends-in-the-neighbourhood-about-me\/\" aria-label=\"Read more about Desbravando Fronteiras: Aprendizagem Remota em Foco\" tabindex=\"-1\" >\n\t\t\tLeia Mais \u00bb\t\t<\/a>\n\n\t\t\t\t<\/div>\n\t\t\t\t<div class=\"elementor-post__meta-data\">\n\t\t\t\t\t<span class=\"elementor-post-date\">\n\t\t\t17 de fevereiro de 2021\t\t<\/span>\n\t\t\t\t<span class=\"elementor-post-avatar\">\n\t\t\tNenhum coment\u00e1rio\t\t<\/span>\n\t\t\t\t<\/div>\n\t\t\t\t\t<\/div>\n\t\t<\/article>\n\t\t\t\t<article class=\"elementor-post elementor-grid-item post-6520 post type-post status-publish format-standard has-post-thumbnail hentry category-artigos tag-blog tag-freelance tag-heart\">\n\t\t\t<div class=\"elementor-post__card\">\n\t\t\t\t<div class=\"elementor-post__text\">\n\t\t\t\t<h3 class=\"elementor-post__title\">\n\t\t\t<a href=\"https:\/\/smartpaper.com.br\/cursos\/you-broke-my-heart-you-broke-my-heart\/\" >\n\t\t\t\tEduca\u00e7\u00e3o Sem Fronteiras: Explorando as Possibilidades do EAD\t\t\t<\/a>\n\t\t<\/h3>\n\t\t\t\t<div class=\"elementor-post__excerpt\">\n\t\t\t<p>Em um mundo cada vez mais interconectado, a educa\u00e7\u00e3o \u00e0 dist\u00e2ncia (EAD) se apresenta como uma ponte que transcende fronteiras<\/p>\n\t\t<\/div>\n\t\t\n\t\t<a class=\"elementor-post__read-more\" href=\"https:\/\/smartpaper.com.br\/cursos\/you-broke-my-heart-you-broke-my-heart\/\" aria-label=\"Read more about Educa\u00e7\u00e3o Sem Fronteiras: Explorando as Possibilidades do EAD\" tabindex=\"-1\" >\n\t\t\tLeia Mais \u00bb\t\t<\/a>\n\n\t\t\t\t<\/div>\n\t\t\t\t<div class=\"elementor-post__meta-data\">\n\t\t\t\t\t<span class=\"elementor-post-date\">\n\t\t\t17 de fevereiro de 2021\t\t<\/span>\n\t\t\t\t<span class=\"elementor-post-avatar\">\n\t\t\tNenhum coment\u00e1rio\t\t<\/span>\n\t\t\t\t<\/div>\n\t\t\t\t\t<\/div>\n\t\t<\/article>\n\t\t\t\t<\/div>\n\t\t\n\t\t\t\t\t\t<\/div>\n\t\t\t\t<\/div>\n\t\t\t\t\t<\/div>\n\t\t\t\t<\/div>\n\t\t\t\t<\/div>\n\t\t","protected":false},"excerpt":{"rendered":"<p>Blog Textos Sobre a Nova Educa\u00e7\u00e3o do s\u00e9culo XX.<\/p>\n","protected":false},"author":1,"featured_media":0,"parent":0,"menu_order":0,"comment_status":"closed","ping_status":"closed","template":"elementor_header_footer","meta":{"_uag_custom_page_level_css":"","_tutorstarter_page_metadata":[],"_joinchat":[],"footnotes":""},"uagb_featured_image_src":{"full":false,"thumbnail":false,"medium":false,"medium_large":false,"large":false,"1536x1536":false,"2048x2048":false,"trp-custom-language-flag":false,"cart-image-thumb":false,"woocommerce_thumbnail":false,"woocommerce_single":false,"woocommerce_gallery_thumbnail":false},"uagb_author_info":{"display_name":"Smart Paper","author_link":"https:\/\/smartpaper.com.br\/cursos\/author\/smartpaper2027\/"},"uagb_comment_info":0,"uagb_excerpt":"Blog Textos Sobre a Nova Educa\u00e7\u00e3o do s\u00e9culo XX.","_links":{"self":[{"href":"https:\/\/smartpaper.com.br\/cursos\/wp-json\/wp\/v2\/pages\/1671"}],"collection":[{"href":"https:\/\/smartpaper.com.br\/cursos\/wp-json\/wp\/v2\/pages"}],"about":[{"href":"https:\/\/smartpaper.com.br\/cursos\/wp-json\/wp\/v2\/types\/page"}],"author":[{"embeddable":true,"href":"https:\/\/smartpaper.com.br\/cursos\/wp-json\/wp\/v2\/users\/1"}],"replies":[{"embeddable":true,"href":"https:\/\/smartpaper.com.br\/cursos\/wp-json\/wp\/v2\/comments?post=1671"}],"version-history":[{"count":15,"href":"https:\/\/smartpaper.com.br\/cursos\/wp-json\/wp\/v2\/pages\/1671\/revisions"}],"predecessor-version":[{"id":8477,"href":"https:\/\/smartpaper.com.br\/cursos\/wp-json\/wp\/v2\/pages\/1671\/revisions\/8477"}],"wp:attachment":[{"href":"https:\/\/smartpaper.com.br\/cursos\/wp-json\/wp\/v2\/media?parent=1671"}],"curies":[{"name":"wp","href":"https:\/\/api.w.org\/{rel}","templated":true}]}}